{"id":12,"date":"2026-03-09T19:50:54","date_gmt":"2026-03-09T19:50:54","guid":{"rendered":"http:\/\/asrshop.local\/cos\/"},"modified":"2026-03-09T19:50:54","modified_gmt":"2026-03-09T19:50:54","slug":"cos","status":"publish","type":"page","link":"https:\/\/bogdan.cu.ma\/?page_id=12","title":{"rendered":"Co\u0219"},"content":{"rendered":"<h1>Co\u0219ul meu<\/h1>\n<p>\t\t\t\t\t\t<!--open container--><br \/>\n\t\t\t\t\t\t\t<!--open column-1--><\/p>\n<form action=\"https:\/\/bogdan.cu.ma\/cos\/\" method=\"post\">\n\t\t\t\t\t\t<!--open shop table div --><\/p>\n<table cellspacing=\"0\">\n<thead>\n<tr>\n<th>\u00cenl\u0103tur\u0103 produsul<\/th>\n<th>Imagine miniatur\u0103<\/th>\n<th scope=\"col\">produs<\/th>\n<th scope=\"col\">Pre\u021b<\/th>\n<th scope=\"col\">Cantitate<\/th>\n<th scope=\"col\">Sub-total<\/th>\n<\/tr>\n<\/thead>\n<tbody>\n<tr>\n<td>\n\t\t\t\t\t\t\t<a role=\"button\" href=\"https:\/\/bogdan.cu.ma\/cos\/?remove_item=b166b57d195370cd41f80dd29ed523d9&#038;_wpnonce=61fa3d92c5\" aria-label=\"\u00cenl\u0103tur\u0103 Frigider auto portabil AT PERFORMANCE\u00ae 7.5L, 12V, func\u021bie de r\u0103cire \u0219i \u00eenc\u0103lzire, compact, cu LED, ideal pentru ma\u0219in\u0103, camping \u0219i birou \u2013 Alb\/Albastru din co\u0219\" data-product_id=\"2237\" data-product_sku=\"FRIGIDER_AT54-17\">&times;<\/a>\t\t\t\t\t\t<\/td>\n<td>\n\t\t\t\t\t\t<a href=\"https:\/\/bogdan.cu.ma\/produs\/frigider-auto-portabil-at-performance-7-5l-12v-functie-de-racire-si-incalzire-compact-cu-led-ideal-pentru-masina-camping-si-birou-alb-albastru\/\"><img loading=\"lazy\" width=\"300\" height=\"300\" src=\"https:\/\/bogdan.cu.ma\/wp-content\/uploads\/2026\/03\/FRIG3-300x300.jpg\" alt=\"Frigider auto portabil AT PERFORMANCE\u00ae 7.5L, 12V, func\u021bie de r\u0103cire \u0219i \u00eenc\u0103lzire, compact, cu LED, ideal pentru ma\u0219in\u0103, camping \u0219i birou \u2013 Alb\/Albastru\" decoding=\"async\" srcset=\"http:\/\/asrshop.local\/wp-content\/uploads\/2026\/03\/FRIG3-300x300.jpg 300w, http:\/\/asrshop.local\/wp-content\/uploads\/2026\/03\/FRIG3-100x100.jpg 100w, http:\/\/asrshop.local\/wp-content\/uploads\/2026\/03\/FRIG3-600x600.jpg 600w, http:\/\/asrshop.local\/wp-content\/uploads\/2026\/03\/FRIG3-64x64.jpg 64w, http:\/\/asrshop.local\/wp-content\/uploads\/2026\/03\/FRIG3-150x150.jpg 150w, http:\/\/asrshop.local\/wp-content\/uploads\/2026\/03\/FRIG3.jpg 720w\" sizes=\"auto, (max-width: 300px) 100vw, 300px\" \/><\/a>\t\t\t\t\t\t<\/td>\n<td scope=\"row\" role=\"rowheader\" data-title=\"produs\">\n\t\t\t\t\t\t<a href=\"https:\/\/bogdan.cu.ma\/produs\/frigider-auto-portabil-at-performance-7-5l-12v-functie-de-racire-si-incalzire-compact-cu-led-ideal-pentru-masina-camping-si-birou-alb-albastru\/\">Frigider auto portabil AT PERFORMANCE\u00ae 7.5L, 12V, func\u021bie de r\u0103cire \u0219i \u00eenc\u0103lzire, compact, cu LED, ideal pentru ma\u0219in\u0103, camping \u0219i birou \u2013 Alb\/Albastru<\/a>\t\t\t\t\t\t<\/td>\n<td data-title=\"Pre\u021b\">\n\t\t\t\t\t\t\t<bdi>140,00&nbsp;lei<\/bdi>\t\t\t\t\t\t<\/td>\n<td data-title=\"Cantitate\">\n\t\t<label for=\"quantity_69fb47f51f516\">Cantitate Frigider auto portabil AT PERFORMANCE\u00ae 7.5L, 12V, func\u021bie de r\u0103cire \u0219i \u00eenc\u0103lzire, compact, cu LED, ideal pentru ma\u0219in\u0103, camping \u0219i birou \u2013 Alb\/Albastru<\/label><br \/>\n\t<input\n\t\ttype=\"number\"\n\t\t\t\tid=\"quantity_69fb47f51f516\"\n\t\tclass=\"input-text qty text\"\n\t\tname=\"cart[b166b57d195370cd41f80dd29ed523d9][qty]\"\n\t\tvalue=\"3\"\n\t\taria-label=\"Cantitate de produse\"\n\t\t\t\tmin=\"0\"\n\t\t\t\t\t\t\tstep=\"1\"\n\t\t\tplaceholder=\"\"\n\t\t\tinputmode=\"numeric\"\n\t\t\tautocomplete=\"off\"\n\t\t\t\/>\n\t\t\t\t\t\t<\/td>\n<td data-title=\"Sub-total\">\n\t\t\t\t\t\t\t<bdi>420,00&nbsp;lei<\/bdi>\t\t\t\t\t\t<\/td>\n<\/tr>\n<tr>\n<td>\n\t\t\t\t\t\t\t<a role=\"button\" href=\"https:\/\/bogdan.cu.ma\/cos\/?remove_item=8232e119d8f59aa83050a741631803a6&#038;_wpnonce=61fa3d92c5\" aria-label=\"\u00cenl\u0103tur\u0103 Pachet Promo\u021bional AT PERFORMANCE\u00ae: Pistol de Sp\u0103lat cu Presiune 36V + Oglind\u0103 Auto DVR Camer\u0103 Fa\u021b\u0103-Spate Full HD \u2013 Cur\u0103\u021benie \u0219i Siguran\u021b\u0103 la Superlativ din co\u0219\" data-product_id=\"2102\" data-product_sku=\"AT28_9_PISTOL_MASINA+OGLINDA_AT55-9\">&times;<\/a>\t\t\t\t\t\t<\/td>\n<td>\n\t\t\t\t\t\t<a href=\"https:\/\/bogdan.cu.ma\/produs\/pachet-promotional-at-performance-pistol-de-spalat-cu-presiune-36v-oglinda-auto-dvr-camera-fata-spate-full-hd-curatenie-si-siguranta-la-superlativ\/\"><img loading=\"lazy\" width=\"300\" height=\"300\" src=\"https:\/\/bogdan.cu.ma\/wp-content\/uploads\/2026\/03\/PACHETUSCATOR_4-300x300.jpg\" alt=\"Pachet Promo\u021bional AT PERFORMANCE\u00ae: Pistol de Sp\u0103lat cu Presiune 36V + Oglind\u0103 Auto DVR Camer\u0103 Fa\u021b\u0103-Spate Full HD \u2013 Cur\u0103\u021benie \u0219i Siguran\u021b\u0103 la Superlativ\" decoding=\"async\" srcset=\"http:\/\/asrshop.local\/wp-content\/uploads\/2026\/03\/PACHETUSCATOR_4-300x300.jpg 300w, http:\/\/asrshop.local\/wp-content\/uploads\/2026\/03\/PACHETUSCATOR_4-100x100.jpg 100w, http:\/\/asrshop.local\/wp-content\/uploads\/2026\/03\/PACHETUSCATOR_4-600x600.jpg 600w, http:\/\/asrshop.local\/wp-content\/uploads\/2026\/03\/PACHETUSCATOR_4-64x64.jpg 64w, http:\/\/asrshop.local\/wp-content\/uploads\/2026\/03\/PACHETUSCATOR_4-150x150.jpg 150w, http:\/\/asrshop.local\/wp-content\/uploads\/2026\/03\/PACHETUSCATOR_4-768x768.jpg 768w, http:\/\/asrshop.local\/wp-content\/uploads\/2026\/03\/PACHETUSCATOR_4.jpg 1000w\" sizes=\"auto, (max-width: 300px) 100vw, 300px\" \/><\/a>\t\t\t\t\t\t<\/td>\n<td scope=\"row\" role=\"rowheader\" data-title=\"produs\">\n\t\t\t\t\t\t<a href=\"https:\/\/bogdan.cu.ma\/produs\/pachet-promotional-at-performance-pistol-de-spalat-cu-presiune-36v-oglinda-auto-dvr-camera-fata-spate-full-hd-curatenie-si-siguranta-la-superlativ\/\">Pachet Promo\u021bional AT PERFORMANCE\u00ae: Pistol de Sp\u0103lat cu Presiune 36V + Oglind\u0103 Auto DVR Camer\u0103 Fa\u021b\u0103-Spate Full HD \u2013 Cur\u0103\u021benie \u0219i Siguran\u021b\u0103 la Superlativ<\/a>\t\t\t\t\t\t<\/td>\n<td data-title=\"Pre\u021b\">\n\t\t\t\t\t\t\t<bdi>140,99&nbsp;lei<\/bdi>\t\t\t\t\t\t<\/td>\n<td data-title=\"Cantitate\">\n\t\t<label for=\"quantity_69fb47f51f9cd\">Cantitate Pachet Promo\u021bional AT PERFORMANCE\u00ae: Pistol de Sp\u0103lat cu Presiune 36V + Oglind\u0103 Auto DVR Camer\u0103 Fa\u021b\u0103-Spate Full HD \u2013 Cur\u0103\u021benie \u0219i Siguran\u021b\u0103 la Superlativ<\/label><br \/>\n\t<input\n\t\ttype=\"number\"\n\t\t\t\tid=\"quantity_69fb47f51f9cd\"\n\t\tclass=\"input-text qty text\"\n\t\tname=\"cart[8232e119d8f59aa83050a741631803a6][qty]\"\n\t\tvalue=\"1\"\n\t\taria-label=\"Cantitate de produse\"\n\t\t\t\tmin=\"0\"\n\t\t\t\t\t\t\tstep=\"1\"\n\t\t\tplaceholder=\"\"\n\t\t\tinputmode=\"numeric\"\n\t\t\tautocomplete=\"off\"\n\t\t\t\/>\n\t\t\t\t\t\t<\/td>\n<td data-title=\"Sub-total\">\n\t\t\t\t\t\t\t<bdi>140,99&nbsp;lei<\/bdi>\t\t\t\t\t\t<\/td>\n<\/tr>\n<tr>\n<td colspan=\"6\">\n\t\t\t\t\t<button type=\"submit\" name=\"update_cart\" value=\"\"><\/button><br \/>\n\t\t\t\t\t<input type=\"hidden\" id=\"woocommerce-cart-nonce\" name=\"woocommerce-cart-nonce\" value=\"61fa3d92c5\" \/><input type=\"hidden\" name=\"_wp_http_referer\" value=\"\/wp-admin\/admin-ajax.php\" \/>\t\t\t\t<\/td>\n<\/tr>\n<\/tbody>\n<\/table>\n<p>\t\t\t\t\t<!--close shop table div --><br \/>\n\t\t\t\t\t<input type=\"text\" name=\"coupon_code\" id=\"coupon_code\" value=\"\" placeholder=\"Coupon code\" \/><br \/>\n\t\t\t\t\t<button name=\"apply_coupon\" type=\"submit\" value=\"Apply coupon\">Apply coupon<\/button><br \/>\n\t\t<\/form>\n<p>\t\t\t\t\t\t<!--close column-1--><br \/>\n\t\t\t\t\t\t\t<!--open column-2--><br \/>\n\t\t\t\t\t\t\t\t\t<!--open column-inner--><br \/>\n\t\t\t\t\t\t\t\t\t\t<!--open cart-totals--><\/p>\n<h2>Total<\/h2>\n<table cellspacing=\"0\">\n<tr>\n<th>Sub-total<\/th>\n<td data-title=\"Sub-total\"><bdi>560,99&nbsp;lei<\/bdi><\/td>\n<\/tr>\n<tr>\n<th>Livrare<\/th>\n<td data-title=\"Livrare\">\n<ul id=\"shipping_method\">\n<li>\n\t\t\t\t\t\t<input type=\"hidden\" name=\"shipping_method[0]\" data-index=\"0\" id=\"shipping_method_0_free_shipping1\" value=\"free_shipping:1\" \/><label for=\"shipping_method_0_free_shipping1\">Transport gratuit<\/label>\t\t\t\t\t<\/li>\n<\/ul>\n<p>\n\t\t\t\t\tLivrare la <strong>Strada Florica 19, Bucuresti, Bucure\u0219ti, 052223<\/strong>. \t\t\t\t<\/p>\n<\/td>\n<\/tr>\n<tr>\n<th>Total<\/th>\n<td data-title=\"Total\"><strong><bdi>560,99&nbsp;lei<\/bdi><\/strong> <\/td>\n<\/tr>\n<\/table>\n<p><a href=\"https:\/\/bogdan.cu.ma\/finalizare\/\"><br \/>\n\tFinalizeaz\u0103 comanda<\/a><br \/>\n\t\t\t\t\t\t\t\t\t<!--close cart-totals--><br \/>\n\t\t\t\t\t\t\t\t\t<!--close column-inner--><br \/>\n\t\t\t\t\t\t\t<!--close column-2--><br \/>\n\t\t\t\t\t\t<!--close container--><\/p>\n","protected":false},"excerpt":{"rendered":"<p>Co\u0219ul meu \u00cenl\u0103tur\u0103 produsul Imagine miniatur\u0103 produs Pre\u021b Cantitate Sub-total &times; Frigider auto portabil AT PERFORMANCE\u00ae 7.5L, 12V, func\u021bie de r\u0103cire \u0219i \u00eenc\u0103lzire, compact, cu LED, ideal pentru ma\u0219in\u0103, camping \u0219i birou \u2013 Alb\/Albastru 140,00&nbsp;lei Cantitate Frigider auto portabil AT PERFORMANCE\u00ae 7.5L, 12V, func\u021bie de r\u0103cire \u0219i \u00eenc\u0103lzire, compact, cu LED, ideal pentru ma\u0219in\u0103, camping [&hellip;]<\/p>\n","protected":false},"author":1,"featured_media":0,"parent":0,"menu_order":0,"comment_status":"closed","ping_status":"closed","template":"","meta":{"footnotes":""},"class_list":["post-12","page","type-page","status-publish","hentry"],"_links":{"self":[{"href":"https:\/\/bogdan.cu.ma\/index.php?rest_route=\/wp\/v2\/pages\/12","targetHints":{"allow":["GET"]}}],"collection":[{"href":"https:\/\/bogdan.cu.ma\/index.php?rest_route=\/wp\/v2\/pages"}],"about":[{"href":"https:\/\/bogdan.cu.ma\/index.php?rest_route=\/wp\/v2\/types\/page"}],"author":[{"embeddable":true,"href":"https:\/\/bogdan.cu.ma\/index.php?rest_route=\/wp\/v2\/users\/1"}],"replies":[{"embeddable":true,"href":"https:\/\/bogdan.cu.ma\/index.php?rest_route=%2Fwp%2Fv2%2Fcomments&post=12"}],"version-history":[{"count":0,"href":"https:\/\/bogdan.cu.ma\/index.php?rest_route=\/wp\/v2\/pages\/12\/revisions"}],"wp:attachment":[{"href":"https:\/\/bogdan.cu.ma\/index.php?rest_route=%2Fwp%2Fv2%2Fmedia&parent=12"}],"curies":[{"name":"wp","href":"https:\/\/api.w.org\/{rel}","templated":true}]}}