{"id":14,"date":"2026-03-09T19:50:54","date_gmt":"2026-03-09T19:50:54","guid":{"rendered":"http:\/\/asrshop.local\/contul-meu\/"},"modified":"2026-03-09T19:50:54","modified_gmt":"2026-03-09T19:50:54","slug":"contul-meu","status":"publish","type":"page","link":"https:\/\/bogdan.cu.ma\/?page_id=14","title":{"rendered":"Contul meu"},"content":{"rendered":"<p><a href=\"https:\/\/bogdan.cu.ma\/contul-meu\/\" tabindex=\"-1\" aria-label=\"Panou control\"><br \/>\n\t\t\t\t<svg aria-hidden=\"true\" viewBox=\"0 0 640 512\" xmlns=\"http:\/\/www.w3.org\/2000\/svg\"><path d=\"M208 352c-2.39 0-4.78.35-7.06 1.09C187.98 357.3 174.35 360 160 360c-14.35 0-27.98-2.7-40.95-6.91-2.28-.74-4.66-1.09-7.05-1.09C49.94 352-.33 402.48 0 464.62.14 490.88 21.73 512 48 512h224c26.27 0 47.86-21.12 48-47.38.33-62.14-49.94-112.62-112-112.62zm-48-32c53.02 0 96-42.98 96-96s-42.98-96-96-96-96 42.98-96 96 42.98 96 96 96zM592 0H208c-26.47 0-48 22.25-48 49.59V96c23.42 0 45.1 6.78 64 17.8V64h352v288h-64v-64H384v64h-76.24c19.1 16.69 33.12 38.73 39.69 64H592c26.47 0 48-22.25 48-49.59V49.59C640 22.25 618.47 0 592 0z\"><\/path><\/svg>\t\t\t\t<\/a><\/p>\n<h3>\n\t\t\t\t\t\t<a href=\"https:\/\/bogdan.cu.ma\/contul-meu\/\" ><br \/>\n\t\t\t\t\t\t\tPanou control\t\t\t\t\t\t<\/a><br \/>\n\t\t\t\t\t<\/h3>\n<p>\t\t\t\t<a href=\"https:\/\/bogdan.cu.ma\/contul-meu\/comenzi\" tabindex=\"-1\" aria-label=\"Comenzi\"><br \/>\n\t\t\t\t<svg aria-hidden=\"true\" viewBox=\"0 0 640 512\" xmlns=\"http:\/\/www.w3.org\/2000\/svg\"><path d=\"M425.7 256c-16.9 0-32.8-9-41.4-23.4L320 126l-64.2 106.6c-8.7 14.5-24.6 23.5-41.5 23.5-4.5 0-9-.6-13.3-1.9L64 215v178c0 14.7 10 27.5 24.2 31l216.2 54.1c10.2 2.5 20.9 2.5 31 0L551.8 424c14.2-3.6 24.2-16.4 24.2-31V215l-137 39.1c-4.3 1.3-8.8 1.9-13.3 1.9zm212.6-112.2L586.8 41c-3.1-6.2-9.8-9.8-16.7-8.9L320 64l91.7 152.1c3.8 6.3 11.4 9.3 18.5 7.3l197.9-56.5c9.9-2.9 14.7-13.9 10.2-23.1zM53.2 41L1.7 143.8c-4.6 9.2.3 20.2 10.1 23l197.9 56.5c7.1 2 14.7-1 18.5-7.3L320 64 69.8 32.1c-6.9-.8-13.5 2.7-16.6 8.9z\"><\/path><\/svg>\t\t\t\t<\/a><\/p>\n<h3>\n\t\t\t\t\t\t<a href=\"https:\/\/bogdan.cu.ma\/contul-meu\/comenzi\" ><br \/>\n\t\t\t\t\t\t\tComenzi\t\t\t\t\t\t<\/a><br \/>\n\t\t\t\t\t<\/h3>\n<p>\t\t\t\t<a href=\"https:\/\/bogdan.cu.ma\/contul-meu\/adrese\" tabindex=\"-1\" aria-label=\"Adrese\"><br \/>\n\t\t\t\t<svg aria-hidden=\"true\" viewBox=\"0 0 576 512\" xmlns=\"http:\/\/www.w3.org\/2000\/svg\"><path d=\"M288 0c-69.59 0-126 56.41-126 126 0 56.26 82.35 158.8 113.9 196.02 6.39 7.54 17.82 7.54 24.2 0C331.65 284.8 414 182.26 414 126 414 56.41 357.59 0 288 0zm0 168c-23.2 0-42-18.8-42-42s18.8-42 42-42 42 18.8 42 42-18.8 42-42 42zM20.12 215.95A32.006 32.006 0 0 0 0 245.66v250.32c0 11.32 11.43 19.06 21.94 14.86L160 448V214.92c-8.84-15.98-16.07-31.54-21.25-46.42L20.12 215.95zM288 359.67c-14.07 0-27.38-6.18-36.51-16.96-19.66-23.2-40.57-49.62-59.49-76.72v182l192 64V266c-18.92 27.09-39.82 53.52-59.49 76.72-9.13 10.77-22.44 16.95-36.51 16.95zm266.06-198.51L416 224v288l139.88-55.95A31.996 31.996 0 0 0 576 426.34V176.02c0-11.32-11.43-19.06-21.94-14.86z\"><\/path><\/svg>\t\t\t\t<\/a><\/p>\n<h3>\n\t\t\t\t\t\t<a href=\"https:\/\/bogdan.cu.ma\/contul-meu\/adrese\" ><br \/>\n\t\t\t\t\t\t\tAdrese\t\t\t\t\t\t<\/a><br \/>\n\t\t\t\t\t<\/h3>\n<p>\t\t\t\t<a href=\"https:\/\/bogdan.cu.ma\/contul-meu\/profilul-meu\" tabindex=\"-1\" aria-label=\"Profilul meu\"><br \/>\n\t\t\t\t<svg aria-hidden=\"true\" viewBox=\"0 0 496 512\" xmlns=\"http:\/\/www.w3.org\/2000\/svg\"><path d=\"M248 8C111 8 0 119 0 256s111 248 248 248 248-111 248-248S385 8 248 8zm0 96c48.6 0 88 39.4 88 88s-39.4 88-88 88-88-39.4-88-88 39.4-88 88-88zm0 344c-58.7 0-111.3-26.6-146.5-68.2 18.8-35.4 55.6-59.8 98.5-59.8 2.4 0 4.8.4 7.1 1.1 13 4.2 26.6 6.9 40.9 6.9 14.3 0 28-2.7 40.9-6.9 2.3-.7 4.7-1.1 7.1-1.1 42.9 0 79.7 24.4 98.5 59.8C359.3 421.4 306.7 448 248 448z\"><\/path><\/svg>\t\t\t\t<\/a><\/p>\n<h3>\n\t\t\t\t\t\t<a href=\"https:\/\/bogdan.cu.ma\/contul-meu\/profilul-meu\" ><br \/>\n\t\t\t\t\t\t\tProfilul meu\t\t\t\t\t\t<\/a><br \/>\n\t\t\t\t\t<\/h3>\n<p>\t\t\t\t<a href=\"https:\/\/bogdan.cu.ma\/contul-meu\/favorite\" tabindex=\"-1\" aria-label=\"Favorite\"><br \/>\n\t\t\t\t<svg aria-hidden=\"true\" viewBox=\"0 0 512 512\" xmlns=\"http:\/\/www.w3.org\/2000\/svg\"><path d=\"M462.3 62.6C407.5 15.9 326 24.3 275.7 76.2L256 96.5l-19.7-20.3C186.1 24.3 104.5 15.9 49.7 62.6c-62.8 53.6-66.1 149.8-9.9 207.9l193.5 199.8c12.5 12.9 32.8 12.9 45.3 0l193.5-199.8c56.3-58.1 53-154.3-9.8-207.9z\"><\/path><\/svg>\t\t\t\t<\/a><\/p>\n<h3>\n\t\t\t\t\t\t<a href=\"https:\/\/bogdan.cu.ma\/contul-meu\/favorite\" ><br \/>\n\t\t\t\t\t\t\tFavorite\t\t\t\t\t\t<\/a><br \/>\n\t\t\t\t\t<\/h3>\n<p>\t\t\t\t<a href=\"https:\/\/bogdan.cu.ma\/\" tabindex=\"-1\" aria-label=\"Magazin\"><br \/>\n\t\t\t\t<svg aria-hidden=\"true\" viewBox=\"0 0 448 512\" xmlns=\"http:\/\/www.w3.org\/2000\/svg\"><path d=\"M352 160v-32C352 57.42 294.579 0 224 0 153.42 0 96 57.42 96 128v32H0v272c0 44.183 35.817 80 80 80h288c44.183 0 80-35.817 80-80V160h-96zm-192-32c0-35.29 28.71-64 64-64s64 28.71 64 64v32H160v-32zm160 120c-13.255 0-24-10.745-24-24s10.745-24 24-24 24 10.745 24 24-10.745 24-24 24zm-192 0c-13.255 0-24-10.745-24-24s10.745-24 24-24 24 10.745 24 24-10.745 24-24 24z\"><\/path><\/svg>\t\t\t\t<\/a><\/p>\n<h3>\n\t\t\t\t\t\t<a href=\"https:\/\/bogdan.cu.ma\/\" ><br \/>\n\t\t\t\t\t\t\tMagazin\t\t\t\t\t\t<\/a><br \/>\n\t\t\t\t\t<\/h3>\n<p>\t\t\t\t<a href=\"https:\/\/bogdan.cu.ma\/contul-meu\/deconectare\" tabindex=\"-1\" aria-label=\"Deconectare\"><br \/>\n\t\t\t\t<svg aria-hidden=\"true\" viewBox=\"0 0 512 512\" xmlns=\"http:\/\/www.w3.org\/2000\/svg\"><path d=\"M497 273L329 441c-15 15-41 4.5-41-17v-96H152c-13.3 0-24-10.7-24-24v-96c0-13.3 10.7-24 24-24h136V88c0-21.4 25.9-32 41-17l168 168c9.3 9.4 9.3 24.6 0 34zM192 436v-40c0-6.6-5.4-12-12-12H96c-17.7 0-32-14.3-32-32V160c0-17.7 14.3-32 32-32h84c6.6 0 12-5.4 12-12V76c0-6.6-5.4-12-12-12H96c-53 0-96 43-96 96v192c0 53 43 96 96 96h84c6.6 0 12-5.4 12-12z\"><\/path><\/svg>\t\t\t\t<\/a><\/p>\n<h3>\n\t\t\t\t\t\t<a href=\"https:\/\/bogdan.cu.ma\/contul-meu\/deconectare\" ><br \/>\n\t\t\t\t\t\t\tDeconectare\t\t\t\t\t\t<\/a><br \/>\n\t\t\t\t\t<\/h3>\n<nav aria-label=\"Pagini cont\">\n<ul>\n<li>\n\t\t\t\t<a href=\"https:\/\/bogdan.cu.ma\/contul-meu\/\" aria-current=\"page\"><br \/>\n\t\t\t\t\tDashboard\t\t\t\t<\/a>\n\t\t\t<\/li>\n<li>\n\t\t\t\t<a href=\"https:\/\/bogdan.cu.ma\/contul-meu\/comenzi\/\" ><br \/>\n\t\t\t\t\tOrders\t\t\t\t<\/a>\n\t\t\t<\/li>\n<li>\n\t\t\t\t<a href=\"https:\/\/bogdan.cu.ma\/contul-meu\/descarcari\/\" ><br \/>\n\t\t\t\t\tDownloads\t\t\t\t<\/a>\n\t\t\t<\/li>\n<li>\n\t\t\t\t<a href=\"https:\/\/bogdan.cu.ma\/contul-meu\/adrese\/\" ><br \/>\n\t\t\t\t\tAddresses\t\t\t\t<\/a>\n\t\t\t<\/li>\n<li>\n\t\t\t\t<a href=\"https:\/\/bogdan.cu.ma\/contul-meu\/profilul-meu\/\" ><br \/>\n\t\t\t\t\tAccount Details\t\t\t\t<\/a>\n\t\t\t<\/li>\n<li>\n\t\t\t\t<a href=\"https:\/\/bogdan.cu.ma\/contul-meu\/deconectare\/?_wpnonce=80ce99ba09\" ><br \/>\n\t\t\t\t\tLogout\t\t\t\t<\/a>\n\t\t\t<\/li>\n<\/ul>\n<\/nav>\n<nav aria-label=\"Pagini cont\">\n<ul>\n<li>\n\t\t\t\t<a href=\"https:\/\/bogdan.cu.ma\/contul-meu\/\" aria-current=\"page\"><br \/>\n\t\t\t\t\tDashboard\t\t\t\t<\/a>\n\t\t\t<\/li>\n<li>\n\t\t\t\t<a href=\"https:\/\/bogdan.cu.ma\/contul-meu\/comenzi\/\" ><br \/>\n\t\t\t\t\tOrders\t\t\t\t<\/a>\n\t\t\t<\/li>\n<li>\n\t\t\t\t<a href=\"https:\/\/bogdan.cu.ma\/contul-meu\/descarcari\/\" ><br \/>\n\t\t\t\t\tDownloads\t\t\t\t<\/a>\n\t\t\t<\/li>\n<li>\n\t\t\t\t<a href=\"https:\/\/bogdan.cu.ma\/contul-meu\/adrese\/\" ><br \/>\n\t\t\t\t\tAddresses\t\t\t\t<\/a>\n\t\t\t<\/li>\n<li>\n\t\t\t\t<a href=\"https:\/\/bogdan.cu.ma\/contul-meu\/profilul-meu\/\" ><br \/>\n\t\t\t\t\tAccount Details\t\t\t\t<\/a>\n\t\t\t<\/li>\n<li>\n\t\t\t\t<a href=\"https:\/\/bogdan.cu.ma\/contul-meu\/deconectare\/?_wpnonce=80ce99ba09\" ><br \/>\n\t\t\t\t\tLogout\t\t\t\t<\/a>\n\t\t\t<\/li>\n<\/ul>\n<\/nav>\n<p>\n\tBun\u0103 <strong>Admin<\/strong> (nu e\u0219ti <strong>Admin<\/strong>? <a href=\"https:\/\/bogdan.cu.ma\/wp-login.php?action=logout&#038;redirect_to=http%3A%2F%2Fasrshop.local%2Fcontul-meu%2F%3Felementor_wc_logout%3Dtrue%26elementor_my_account_redirect%3Dhttp%3A%2F%2Fasrshop.local%2Fcontul-meu%2F&#038;_wpnonce=3bca966dae\">Dezautentific\u0103-te<\/a>)<\/p>\n<p>\n\t\u00cen panoul de control al contului t\u0103u po\u021bi s\u0103-\u021bi vezi <a href=\"https:\/\/bogdan.cu.ma\/contul-meu\/comenzi\/\">comenzile recente<\/a>, s\u0103-\u021bi administrezi <a href=\"https:\/\/bogdan.cu.ma\/contul-meu\/adrese\/\">adresele de livrare \u0219i de facturare<\/a> \u0219i <a href=\"https:\/\/bogdan.cu.ma\/contul-meu\/profilul-meu\/\">s\u0103-\u021bi editezi parola \u0219i detaliile contului<\/a>.<\/p>\n","protected":false},"excerpt":{"rendered":"<p>Panou control Comenzi Adrese Profilul meu Favorite Magazin Deconectare Dashboard Orders Downloads Addresses Account Details Logout Dashboard Orders Downloads Addresses Account Details Logout Bun\u0103 Admin (nu e\u0219ti Admin? Dezautentific\u0103-te) \u00cen panoul de control al contului t\u0103u po\u021bi s\u0103-\u021bi vezi comenzile recente, s\u0103-\u021bi administrezi adresele de livrare \u0219i de facturare \u0219i s\u0103-\u021bi editezi parola \u0219i detaliile [&hellip;]<\/p>\n","protected":false},"author":1,"featured_media":0,"parent":0,"menu_order":0,"comment_status":"closed","ping_status":"closed","template":"","meta":{"footnotes":""},"class_list":["post-14","page","type-page","status-publish","hentry"],"_links":{"self":[{"href":"https:\/\/bogdan.cu.ma\/index.php?rest_route=\/wp\/v2\/pages\/14","targetHints":{"allow":["GET"]}}],"collection":[{"href":"https:\/\/bogdan.cu.ma\/index.php?rest_route=\/wp\/v2\/pages"}],"about":[{"href":"https:\/\/bogdan.cu.ma\/index.php?rest_route=\/wp\/v2\/types\/page"}],"author":[{"embeddable":true,"href":"https:\/\/bogdan.cu.ma\/index.php?rest_route=\/wp\/v2\/users\/1"}],"replies":[{"embeddable":true,"href":"https:\/\/bogdan.cu.ma\/index.php?rest_route=%2Fwp%2Fv2%2Fcomments&post=14"}],"version-history":[{"count":0,"href":"https:\/\/bogdan.cu.ma\/index.php?rest_route=\/wp\/v2\/pages\/14\/revisions"}],"wp:attachment":[{"href":"https:\/\/bogdan.cu.ma\/index.php?rest_route=%2Fwp%2Fv2%2Fmedia&parent=14"}],"curies":[{"name":"wp","href":"https:\/\/api.w.org\/{rel}","templated":true}]}}