{"id":3323,"date":"2026-04-23T19:16:33","date_gmt":"2026-04-23T19:16:33","guid":{"rendered":"http:\/\/asrshop.local\/?page_id=3323"},"modified":"2026-04-23T19:16:33","modified_gmt":"2026-04-23T19:16:33","slug":"favorite","status":"publish","type":"page","link":"https:\/\/bogdan.cu.ma\/?page_id=3323","title":{"rendered":"Favorite"},"content":{"rendered":"<form id=\"wlfmc-wishlist-form\" action=\"https:\/\/bogdan.cu.ma\/favorite\/\" method=\"post\" data-fragment-options=\"{&quot;unique_id&quot;:&quot;id-1c1cecd&quot;,&quot;is_elementor&quot;:&quot;true&quot;,&quot;has_access&quot;:true,&quot;wishlist_id&quot;:1,&quot;action_params&quot;:false,&quot;per_page&quot;:&quot;10&quot;,&quot;current_page&quot;:1,&quot;pagination&quot;:true,&quot;wishlist_url&quot;:&quot;http:\/\/asrshop.local\/favorite\/&quot;,&quot;no_interactions&quot;:false,&quot;items_show&quot;:&quot;product-checkbox,product-name,product-thumbnail,product-variation,product-price,product-add-to-cart,product-remove&quot;,&quot;total_price_mode&quot;:&quot;classic&quot;,&quot;total_position&quot;:&quot;below-action-bar&quot;,&quot;enable_layout_toggle&quot;:false,&quot;product_move&quot;:false,&quot;product_copy&quot;:false,&quot;move_all_to_list_label&quot;:&quot;Move all to list&quot;,&quot;copy_all_to_list_label&quot;:&quot;Copy all to list&quot;,&quot;show_total_price&quot;:false,&quot;enable_drag_n_drop&quot;:false,&quot;is_cache_enabled&quot;:&quot;1&quot;,&quot;wishlist_page_title&quot;:&quot;Favorite&quot;,&quot;view_mode&quot;:&quot;grid&quot;,&quot;button_add_to_cart_style&quot;:&quot;&quot;,&quot;qty_style&quot;:&quot;true&quot;,&quot;pagination_style&quot;:&quot;true&quot;,&quot;custom_template&quot;:&quot;&quot;,&quot;enable_actions&quot;:false,&quot;enable_all_add_to_cart&quot;:false,&quot;enable_share&quot;:&quot;true&quot;,&quot;share_position&quot;:&quot;after_table&quot;,&quot;share_items&quot;:&quot;facebook,messenger,twitter,whatsapp,telegram,copy,pdf&quot;,&quot;socials_title&quot;:&quot;Lista mea de favorite pe AsrShop&quot;,&quot;login_notice&quot;:false,&quot;base_url&quot;:&quot;&quot;,&quot;wishlist_token&quot;:&quot;VUAJYS71GUIA&quot;,&quot;is_private&quot;:false,&quot;count&quot;:3,&quot;page_links&quot;:false,&quot;is_user_logged_in&quot;:true,&quot;is_user_owner&quot;:true,&quot;merge_lists&quot;:false,&quot;popup_vertical&quot;:&quot;center&quot;,&quot;popup_horizontal&quot;:&quot;center&quot;,&quot;empty_wishlist_title&quot;:&quot;&quot;,&quot;empty_wishlist_content&quot;:&quot;&lt;h1 style=&quot;text-align: center;&quot;&gt;&lt;strong&gt;u2665&lt;\/strong&gt;&lt;\/h1&gt;rn&lt;h1 style=&quot;text-align: center;&quot;&gt;&lt;strong&gt;Lista de favorite este goalu0103 !&lt;\/strong&gt;&lt;\/h1&gt;rn&lt;p style=&quot;text-align: center;&quot;&gt;Hai u00een magazin. Avem o mulu021bime de produse.&lt;\/p&gt;&quot;,&quot;tooltip_class&quot;:&quot; wlfmc-tooltip wlfmc-tooltip-top&quot;,&quot;tooltip_type&quot;:&quot;default&quot;,&quot;wishlist_class&quot;:&quot;wlfmc-default-table is-elementor qty-same-button&quot;,&quot;wishlist_header_class&quot;:&quot;wlfmc-default-table-header&quot;,&quot;wishlist_pagination_class&quot;:&quot;wishlist-pagination&quot;,&quot;share_enabled&quot;:true,&quot;template_part&quot;:&quot;view&quot;,&quot;additional_info&quot;:false,&quot;available_multi_list&quot;:false,&quot;gdpr_enable&quot;:false,&quot;unsubscribed&quot;:false,&quot;users_wishlists&quot;:&quot;&quot;,&quot;redirect_to_cart&quot;:&quot;&quot;,&quot;form_action&quot;:&quot;http:\/\/asrshop.local\/favorite\/&quot;,&quot;is_default&quot;:true,&quot;action_label&quot;:&quot;Acu021biuni&quot;,&quot;action_add_to_cart_label&quot;:&quot;Adaugu0103 u00een cou0219&quot;,&quot;action_remove_label&quot;:&quot;u0218terge&quot;,&quot;all_add_to_cart_label&quot;:&quot;Adaugu0103 tot u00een cou0219&quot;,&quot;all_add_to_cart_tooltip_label&quot;:&quot;Toate produsele de la favorite vor fi adu0103ugate u00een cou0219&quot;,&quot;apply_label&quot;:&quot;Aplicu0103&quot;,&quot;share_on_label&quot;:&quot;Distribuie pe :&quot;,&quot;copy_field_label&quot;:&quot;Or copy the link&quot;,&quot;copy_button_text&quot;:&quot;Copy&quot;,&quot;share_tooltip&quot;:&quot;Distribuie&quot;,&quot;share_popup_title&quot;:&quot;Distribuie listade favorite&quot;,&quot;share_on_facebook_tooltip_label&quot;:&quot;Distribuie pe Facebook&quot;,&quot;share_on_messenger_tooltip_label&quot;:&quot;Distribuie pe Messenger&quot;,&quot;share_on_twitter_tooltip_label&quot;:&quot;Distribuie pe X (Twitter)&quot;,&quot;share_on_whatsapp_tooltip_label&quot;:&quot;Distribuie pe WhatsApp&quot;,&quot;share_on_telegram_tooltip_label&quot;:&quot;Distribuie pe Telegram&quot;,&quot;share_on_email_tooltip_label&quot;:&quot;Distribuie prin email&quot;,&quot;share_on_copy_link_tooltip_label&quot;:&quot;Copiazu0103 linkul&quot;,&quot;share_on_download_pdf_tooltip_label&quot;:&quot;Descarcu0103 PDF&quot;,&quot;decrease_total_price_marketing_desc&quot;:&quot;Buy now and don&#039;t lose more!&quot;,&quot;decrease_total_price_marketing_title&quot;:&quot;Your loss since you added.&quot;,&quot;nochange_total_price_marketing_desc&quot;:&quot;Buy now and enjoy it more!.&quot;,&quot;nochange_total_price_marketing_title&quot;:&quot;You&#039;ve lost 5 days without these products.&quot;,&quot;increase_total_price_marketing_desc&quot;:&quot;This is your total profit of this list if you buy this right now.&quot;,&quot;increase_total_price_marketing_title&quot;:&quot;Your profit if you buy now.&quot;,&quot;total_current_price_text&quot;:&quot;Total Current Price:&quot;,&quot;total_added_price_text&quot;:&quot;Total Added Price:&quot;,&quot;total_price_text&quot;:&quot;Total Price:&quot;,&quot;item&quot;:&quot;wishlist&quot;}\" data-fragment-ref=\"wishlist\">\n<table\n\t\t\tclass=\"wlfmc-wishlist-table wlfmc-wishlist-items-wrapper wlfmc-list   view-mode-grid  wlfmc-default-table is-elementor qty-same-button\"\n\t\t\tdata-pagination=\"1\"\n\t\t\tdata-per-page=\"10\"\n\t\t\tdata-page=\"1\"\n\t\t\tdata-id=\"1\"\n\t\t\tdata-wishlist-type=\"wishlist\"\n\t\t\tdata-customer-id=\"1\"\n\t\t\tdata-is-owner=\"1\"\n\t\t\tdata-token=\"VUAJYS71GUIA\"\n\t\t\tdata-nonce=\"79af7e958b\"><\/p>\n<tbody>\n<tr id=\"wlfmc-row-2236\"\n\t\t\t\t\t\t\tdata-row-id=\"2236\"\n\t\t\t\t\t\t\tdata-item-id=\"41\"\n\t\t\t\t\t\t\tclass=\"wlfmc-table-item\"><\/p>\n<td>\n\t\t\t\t\t\t\t\t\t\t\t<label aria-label=\"Select Product\"><br \/>\n\t\t\t\t\t\t\t\t\t\t\t\t<input type=\"checkbox\" value=\"yes\" name=\"items[2236][cb]\"><br \/>\n\t\t\t\t\t\t\t\t\t\t\t<\/label><br \/>\n\t\t\t\t\t\t\t\t\t\t\t<a href=\"\/?remove_from_wishlist=2236\" aria-label=\"Remove Product\" data-nonce=\"63640eaea1\" title=\"Remove this product\" data-e-disable-page-transition><br \/>\n\t\t\t\t\t\t\t\t\t\t\t<\/a><br \/>\n\t\t\t\t\t\t\t\t\t\t<a href=\"https:\/\/bogdan.cu.ma\/produs\/frigider-auto-portabil-2-in-1-at-performance-12v-4l-cu-functie-de-racire-si-incalzire-usor-si-compact-alb-albastru-ideal-pentru-masina-si-camping\/\"><br \/>\n\t\t\t\t\t\t\t\t\t\t\t<img loading=\"lazy\" decoding=\"async\" width=\"300\" height=\"300\" src=\"https:\/\/bogdan.cu.ma\/wp-content\/uploads\/2026\/03\/FRIGIDER-300x300.jpg\" alt=\"Frigider auto portabil 2 \u00een 1 AT PERFORMANCE\u00ae, 12V, 4L, cu func\u021bie de r\u0103cire \u0219i \u00eenc\u0103lzire, u\u0219or \u0219i compact \u2013 Alb\/Albastru, ideal pentru ma\u0219in\u0103 \u0219i camping\" \/>\t\t\t\t\t\t\t\t\t\t<\/a>\n\t\t\t\t\t\t\t\t\t\t\t\t\t\t\t<\/td>\n<td>\n\t\t\t\t\t\t\t\t\t\t<a href=\"https:\/\/bogdan.cu.ma\/produs\/frigider-auto-portabil-2-in-1-at-performance-12v-4l-cu-functie-de-racire-si-incalzire-usor-si-compact-alb-albastru-ideal-pentru-masina-si-camping\/\"><br \/>\n\t\t\t\t\t\t\t\t\t\t\t<strong><br \/>\n\t\t\t\t\t\t\t\t\t\t\tFrigider auto portabil 2 \u00een 1 AT PERFORMANCE\u00ae, 12V, 4L, cu func\u021bie de r\u0103cire \u0219i \u00eenc\u0103lzire, u\u0219or \u0219i compact \u2013 Alb\/Albastru, ideal pentru ma\u0219in\u0103 \u0219i camping\t\t\t\t\t\t\t\t\t\t\t<\/strong><br \/>\n\t\t\t\t\t\t\t\t\t\t\t\t\t\t\t\t\t\t\t\t\t<\/a><br \/>\n\t\t\t\t\t\t\t\t\t\t\t111,00&nbsp;lei\n\t\t\t\t\t\t\t\t\t\t\t\t\t\t\t<\/td>\n<td>\n\t\t\t\t\t\t\t\t\t\t\t<!-- Add to cart button --><br \/>\n\t\t\t\t\t\t\t\t\t\t\t\t\t\t\t\t\t\t\t\t\t\t\t<a href=\"https:\/\/bogdan.cu.ma\/favorite\/?lid=41&#038;wid=1&#038;action=wlfmc_add_to_cart&#038;_wpnonce=cb669d5148\" data-item_id=\"41\" data-wishlist_id=\"1\" data-product_id=\"2236\"  data-quantity=\"1\" data-nonce=\"f61502f1d1\" data-product_sku=\"FRIGIDER_AT54-10\" aria-label=\"Adaug\u0103 \u00een co\u0219: &amp;lbquo;Frigider auto portabil 2 \u00een 1 AT PERFORMANCE\u00ae, 12V, 4L, cu func\u021bie de r\u0103cire \u0219i \u00eenc\u0103lzire, u\u0219or \u0219i compact \u2013 Alb\/Albastru, ideal pentru ma\u0219in\u0103 \u0219i camping&rdquo;\" aria-describedby=\"\" rel=\"nofollow\" data-e-disable-page-transition=\"\" >Adaug\u0103 \u00een co\u0219<\/a>\n\t\t\t\t\t\t\t\t\t\t\t\t\t\t\t<\/td>\n<\/tr>\n<tr id=\"wlfmc-row-2252\"\n\t\t\t\t\t\t\tdata-row-id=\"2252\"\n\t\t\t\t\t\t\tdata-item-id=\"39\"\n\t\t\t\t\t\t\tclass=\"wlfmc-table-item\"><\/p>\n<td>\n\t\t\t\t\t\t\t\t\t\t\t<label aria-label=\"Select Product\"><br \/>\n\t\t\t\t\t\t\t\t\t\t\t\t<input type=\"checkbox\" value=\"yes\" name=\"items[2252][cb]\"><br \/>\n\t\t\t\t\t\t\t\t\t\t\t<\/label><br \/>\n\t\t\t\t\t\t\t\t\t\t\t<a href=\"\/?remove_from_wishlist=2252\" aria-label=\"Remove Product\" data-nonce=\"63640eaea1\" title=\"Remove this product\" data-e-disable-page-transition><br \/>\n\t\t\t\t\t\t\t\t\t\t\t<\/a><br \/>\n\t\t\t\t\t\t\t\t\t\t<a href=\"https:\/\/bogdan.cu.ma\/produs\/camera-auto-dvr-at-performance-360-full-hd-1080p-viziune-nocturna-g-sensor-loop-recording-mini-dash-cam-cu-detectie-miscare-fara-card\/\"><br \/>\n\t\t\t\t\t\t\t\t\t\t\t<img loading=\"lazy\" decoding=\"async\" width=\"300\" height=\"300\" src=\"https:\/\/bogdan.cu.ma\/wp-content\/uploads\/2026\/03\/Fara_titlu-1-300x300.jpg\" alt=\"Camer\u0103 Auto DVR AT PERFORMANCE\u00ae 360\u00b0 Full HD 1080P, Viziune Nocturn\u0103, G-Sensor, Loop Recording, Mini Dash Cam cu Detec\u021bie Mi\u0219care \u2013 F\u0103r\u0103 Card\" \/>\t\t\t\t\t\t\t\t\t\t<\/a>\n\t\t\t\t\t\t\t\t\t\t\t\t\t\t\t<\/td>\n<td>\n\t\t\t\t\t\t\t\t\t\t<a href=\"https:\/\/bogdan.cu.ma\/produs\/camera-auto-dvr-at-performance-360-full-hd-1080p-viziune-nocturna-g-sensor-loop-recording-mini-dash-cam-cu-detectie-miscare-fara-card\/\"><br \/>\n\t\t\t\t\t\t\t\t\t\t\t<strong><br \/>\n\t\t\t\t\t\t\t\t\t\t\tCamer\u0103 Auto DVR AT PERFORMANCE\u00ae 360\u00b0 Full HD 1080P, Viziune Nocturn\u0103, G-Sensor, Loop Recording, Mini Dash Cam cu Detec\u021bie Mi\u0219care \u2013 F\u0103r\u0103 Card\t\t\t\t\t\t\t\t\t\t\t<\/strong><br \/>\n\t\t\t\t\t\t\t\t\t\t\t\t\t\t\t\t\t\t\t\t\t<\/a><br \/>\n\t\t\t\t\t\t\t\t\t\t\t60,99&nbsp;lei\n\t\t\t\t\t\t\t\t\t\t\t\t\t\t\t<\/td>\n<td>\n\t\t\t\t\t\t\t\t\t\t\t<!-- Add to cart button --><br \/>\n\t\t\t\t\t\t\t\t\t\t\t\t\t\t\t\t\t\t\t\t\t\t\t<a href=\"https:\/\/bogdan.cu.ma\/favorite\/?lid=39&#038;wid=1&#038;action=wlfmc_add_to_cart&#038;_wpnonce=cb669d5148\" data-item_id=\"39\" data-wishlist_id=\"1\" data-product_id=\"2252\"  data-quantity=\"1\" data-nonce=\"f61502f1d1\" data-product_sku=\"CAMERA_AUTO_AT55-10\" aria-label=\"Adaug\u0103 \u00een co\u0219: &amp;lbquo;Camer\u0103 Auto DVR AT PERFORMANCE\u00ae 360\u00b0 Full HD 1080P, Viziune Nocturn\u0103, G-Sensor, Loop Recording, Mini Dash Cam cu Detec\u021bie Mi\u0219care \u2013 F\u0103r\u0103 Card&rdquo;\" aria-describedby=\"\" rel=\"nofollow\" data-e-disable-page-transition=\"\" >Adaug\u0103 \u00een co\u0219<\/a>\n\t\t\t\t\t\t\t\t\t\t\t\t\t\t\t<\/td>\n<\/tr>\n<tr id=\"wlfmc-row-2263\"\n\t\t\t\t\t\t\tdata-row-id=\"2263\"\n\t\t\t\t\t\t\tdata-item-id=\"38\"\n\t\t\t\t\t\t\tclass=\"wlfmc-table-item\"><\/p>\n<td>\n\t\t\t\t\t\t\t\t\t\t\t<label aria-label=\"Select Product\"><br \/>\n\t\t\t\t\t\t\t\t\t\t\t\t<input type=\"checkbox\" value=\"yes\" name=\"items[2263][cb]\"><br \/>\n\t\t\t\t\t\t\t\t\t\t\t<\/label><br \/>\n\t\t\t\t\t\t\t\t\t\t\t<a href=\"\/?remove_from_wishlist=2263\" aria-label=\"Remove Product\" data-nonce=\"63640eaea1\" title=\"Remove this product\" data-e-disable-page-transition><br \/>\n\t\t\t\t\t\t\t\t\t\t\t<\/a><br \/>\n\t\t\t\t\t\t\t\t\t\t<a href=\"https:\/\/bogdan.cu.ma\/produs\/oglinda-auto-dvr-at-performance-cu-camera-fata-spate-full-hd-1080p\/\"><br \/>\n\t\t\t\t\t\t\t\t\t\t\t<img loading=\"lazy\" decoding=\"async\" width=\"300\" height=\"300\" src=\"https:\/\/bogdan.cu.ma\/wp-content\/uploads\/2026\/03\/OGLI-300x300.jpg\" alt=\"Oglind\u0103 Auto DVR AT PERFORMANCE\u00ae cu Camer\u0103 Fa\u021b\u0103-Spate Full HD 1080P\" \/>\t\t\t\t\t\t\t\t\t\t<\/a>\n\t\t\t\t\t\t\t\t\t\t\t\t\t\t\t<\/td>\n<td>\n\t\t\t\t\t\t\t\t\t\t<a href=\"https:\/\/bogdan.cu.ma\/produs\/oglinda-auto-dvr-at-performance-cu-camera-fata-spate-full-hd-1080p\/\"><br \/>\n\t\t\t\t\t\t\t\t\t\t\t<strong><br \/>\n\t\t\t\t\t\t\t\t\t\t\tOglind\u0103 Auto DVR AT PERFORMANCE\u00ae cu Camer\u0103 Fa\u021b\u0103-Spate Full HD 1080P\t\t\t\t\t\t\t\t\t\t\t<\/strong><br \/>\n\t\t\t\t\t\t\t\t\t\t\t\t\t\t\t\t\t\t\t\t\t<\/a><br \/>\n\t\t\t\t\t\t\t\t\t\t\t90,99&nbsp;lei\n\t\t\t\t\t\t\t\t\t\t\t\t\t\t\t<\/td>\n<td>\n\t\t\t\t\t\t\t\t\t\t\t<!-- Add to cart button --><br \/>\n\t\t\t\t\t\t\t\t\t\t\t\t\t\t\t\t\t\t\t\t\t\t\t<a href=\"https:\/\/bogdan.cu.ma\/favorite\/?lid=38&#038;wid=1&#038;action=wlfmc_add_to_cart&#038;_wpnonce=cb669d5148\" data-item_id=\"38\" data-wishlist_id=\"1\" data-product_id=\"2263\"  data-quantity=\"1\" data-nonce=\"f61502f1d1\" data-product_sku=\"OGLINDA_AT55-9\" aria-label=\"Adaug\u0103 \u00een co\u0219: &amp;lbquo;Oglind\u0103 Auto DVR AT PERFORMANCE\u00ae cu Camer\u0103 Fa\u021b\u0103-Spate Full HD 1080P&rdquo;\" aria-describedby=\"\" rel=\"nofollow\" data-e-disable-page-transition=\"\" >Adaug\u0103 \u00een co\u0219<\/a>\n\t\t\t\t\t\t\t\t\t\t\t\t\t\t\t<\/td>\n<\/tr>\n<\/tbody>\n<tfoot>\n<tr>\n<td colspan=\"3\">\n\t\t\t\t\t\t\t<!-- Sharing section --><br \/>\n\t\t\t\t\t\t\t\t<strong\n\t\t\t\t\t\t\t\t\tclass=\"wlfmc-share-title\">Distribuie pe :<\/strong><\/p>\n<ul>\n<li>\n\t\t\t\t\t\t\t\t\t\t\t\t<a target=\"_blank\" rel=\"noopener\" data-tooltip-type=\"default\" href=\"https:\/\/www.facebook.com\/sharer.php?u=http%3A%2F%2Fasrshop.local%2Ffavorite%2Fview%2FVUAJYS71GUIA%2F&#038;p[title]=Lista+mea+de+favorite+pe+AsrShop\"  data-tooltip-text=\"Distribuie pe Facebook\"><br \/>\n\t\t\t\t\t\t\t\t\t\t\t\t\t\t\t\t\t\t\t\t\t\t\t\t\t<\/a>\n\t\t\t\t\t\t\t\t\t\t\t<\/li>\n<li>\n\t\t\t\t\t\t\t\t\t\t\t\t<a target=\"_blank\" rel=\"noopener\" data-tooltip-type=\"default\" href=\"fb-messenger:\/\/share\/?link=http%3A%2F%2Fasrshop.local%2Ffavorite%2Fview%2FVUAJYS71GUIA%2F\"  data-tooltip-text=\"Distribuie pe Messenger\"><br \/>\n\t\t\t\t\t\t\t\t\t\t\t\t\t\t\t\t\t\t\t\t\t\t\t\t\t<\/a>\n\t\t\t\t\t\t\t\t\t\t\t<\/li>\n<li>\n\t\t\t\t\t\t\t\t\t\t\t\t<a target=\"_blank\" rel=\"noopener\" data-tooltip-type=\"default\" href=\"https:\/\/x.com\/intent\/tweet?url=http%3A%2F%2Fasrshop.local%2Ffavorite%2Fview%2FVUAJYS71GUIA%2F&amp;text=Lista+mea+de+favorite+pe+AsrShop\"  data-tooltip-text=\"Distribuie pe X (Twitter)\"><br \/>\n\t\t\t\t\t\t\t\t\t\t\t\t\t\t\t\t\t\t\t\t\t\t\t\t\t<\/a>\n\t\t\t\t\t\t\t\t\t\t\t<\/li>\n<li>\n\t\t\t\t\t\t\t\t\t\t\t\t<a data-tooltip-type=\"default\" href=\"https:\/\/web.whatsapp.com\/send?text=Lista+mea+de+favorite+pe+AsrShop \u2013 http%3A%2F%2Fasrshop.local%2Ffavorite%2Fview%2FVUAJYS71GUIA%2F\" data-action=\"share\/whatsapp\/share\" target=\"_blank\" rel=\"noopener\"  data-tooltip-text=\"Distribuie pe WhatsApp\"><br \/>\n\t\t\t\t\t\t\t\t\t\t\t\t\t\t\t\t\t\t\t\t\t\t\t\t\t<\/a>\n\t\t\t\t\t\t\t\t\t\t\t<\/li>\n<li>\n\t\t\t\t\t\t\t\t\t\t\t\t<a data-tooltip-type=\"default\" href=\"https:\/\/t.me\/share\/url?url=http%3A%2F%2Fasrshop.local%2Ffavorite%2Fview%2FVUAJYS71GUIA%2F&amp;text=Lista+mea+de+favorite+pe+AsrShop\" target=\"_blank\" rel=\"noopener\"  data-tooltip-text=\"Distribuie pe Telegram\"><br \/>\n\t\t\t\t\t\t\t\t\t\t\t\t\t\t\t\t\t\t\t\t\t\t\t\t\t<\/a>\n\t\t\t\t\t\t\t\t\t\t\t<\/li>\n<li>\n\t\t\t\t\t\t\t\t\t\t\t\t<a data-tooltip-type=\"default\"  data-tooltip-text=\"Copiaz\u0103 linkul\" data-href=\"http:\/\/asrshop.local\/favorite\/view\/VUAJYS71GUIA\/\"><\/a>\n\t\t\t\t\t\t\t\t\t\t\t<\/li>\n<li>\n\t\t\t\t\t\t\t\t\t\t\t\t<a data-tooltip-type=\"default\"  data-tooltip-text=\"Descarc\u0103 PDF\" href=\"https:\/\/bogdan.cu.ma\/?download_pdf_wishlist=1&#038;wishlist_token=VUAJYS71GUIA&#038;download_pdf_nonce=19357fe0e1\" target=\"_blank\"><\/a>\n\t\t\t\t\t\t\t\t\t\t\t<\/li>\n<\/ul>\n<\/td>\n<\/tr>\n<\/tfoot>\n<\/table>\n<\/form>\n","protected":false},"excerpt":{"rendered":"<p>Frigider auto portabil 2 \u00een 1 AT PERFORMANCE\u00ae, 12V, 4L, cu func\u021bie de r\u0103cire \u0219i \u00eenc\u0103lzire, u\u0219or \u0219i compact \u2013 Alb\/Albastru, ideal pentru ma\u0219in\u0103 \u0219i camping 111,00&nbsp;lei Adaug\u0103 \u00een co\u0219 Camer\u0103 Auto DVR AT PERFORMANCE\u00ae 360\u00b0 Full HD 1080P, Viziune Nocturn\u0103, G-Sensor, Loop Recording, Mini Dash Cam cu Detec\u021bie Mi\u0219care \u2013 F\u0103r\u0103 Card 60,99&nbsp;lei Adaug\u0103 [&hellip;]<\/p>\n","protected":false},"author":1,"featured_media":0,"parent":0,"menu_order":0,"comment_status":"closed","ping_status":"closed","template":"","meta":{"footnotes":""},"class_list":["post-3323","page","type-page","status-publish","hentry"],"_links":{"self":[{"href":"https:\/\/bogdan.cu.ma\/index.php?rest_route=\/wp\/v2\/pages\/3323","targetHints":{"allow":["GET"]}}],"collection":[{"href":"https:\/\/bogdan.cu.ma\/index.php?rest_route=\/wp\/v2\/pages"}],"about":[{"href":"https:\/\/bogdan.cu.ma\/index.php?rest_route=\/wp\/v2\/types\/page"}],"author":[{"embeddable":true,"href":"https:\/\/bogdan.cu.ma\/index.php?rest_route=\/wp\/v2\/users\/1"}],"replies":[{"embeddable":true,"href":"https:\/\/bogdan.cu.ma\/index.php?rest_route=%2Fwp%2Fv2%2Fcomments&post=3323"}],"version-history":[{"count":0,"href":"https:\/\/bogdan.cu.ma\/index.php?rest_route=\/wp\/v2\/pages\/3323\/revisions"}],"wp:attachment":[{"href":"https:\/\/bogdan.cu.ma\/index.php?rest_route=%2Fwp%2Fv2%2Fmedia&parent=3323"}],"curies":[{"name":"wp","href":"https:\/\/api.w.org\/{rel}","templated":true}]}}